{"id":273,"date":"2024-05-28T18:42:43","date_gmt":"2024-05-28T16:42:43","guid":{"rendered":"https:\/\/ponuda.heatingpartner.rs\/?page_id=273"},"modified":"2024-07-18T13:44:37","modified_gmt":"2024-07-18T11:44:37","slug":"usluge","status":"publish","type":"page","link":"https:\/\/ponuda.heatingpartner.rs\/en\/usluge\/","title":{"rendered":"Services"},"content":{"rendered":"<div data-elementor-type=\"wp-page\" data-elementor-id=\"273\" class=\"elementor elementor-273\" data-elementor-post-type=\"page\">\n\t\t\t\t<div class=\"elementor-element elementor-element-53487ce e-flex e-con-boxed e-con e-parent\" data-id=\"53487ce\" data-element_type=\"container\" data-settings=\"{&quot;background_background&quot;:&quot;classic&quot;}\">\n\t\t\t\t\t<div class=\"e-con-inner\">\n\t\t\t\t<div class=\"elementor-element elementor-element-a92fdc1 elementor-widget elementor-widget-spacer\" data-id=\"a92fdc1\" data-element_type=\"widget\" data-widget_type=\"spacer.default\">\n\t\t\t\t<div class=\"elementor-widget-container\">\n\t\t\t\t\t\t\t<div class=\"elementor-spacer\">\n\t\t\t<div class=\"elementor-spacer-inner\"><\/div>\n\t\t<\/div>\n\t\t\t\t\t\t<\/div>\n\t\t\t\t<\/div>\n\t\t\t\t<div class=\"elementor-element elementor-element-45b53ec elementor-widget elementor-widget-heading\" data-id=\"45b53ec\" data-element_type=\"widget\" data-widget_type=\"heading.default\">\n\t\t\t\t<div class=\"elementor-widget-container\">\n\t\t\t\t\t<h1 class=\"elementor-heading-title elementor-size-default\">Services<\/h1>\t\t\t\t<\/div>\n\t\t\t\t<\/div>\n\t\t\t\t<div class=\"elementor-element elementor-element-e4cdb53 elementor-widget elementor-widget-text-editor\" data-id=\"e4cdb53\" data-element_type=\"widget\" data-widget_type=\"text-editor.default\">\n\t\t\t\t<div class=\"elementor-widget-container\">\n\t\t\t\t\t\t\t\t\t<p>Idea solutions | Projecting | Engineering<\/p>\t\t\t\t\t\t\t\t<\/div>\n\t\t\t\t<\/div>\n\t\t\t\t\t<\/div>\n\t\t\t\t<\/div>\n\t\t<div class=\"elementor-element elementor-element-ac4f967 e-flex e-con-boxed e-con e-parent\" data-id=\"ac4f967\" data-element_type=\"container\">\n\t\t\t\t\t<div class=\"e-con-inner\">\n\t\t\t\t<div class=\"elementor-element elementor-element-641caef elementor-widget elementor-widget-spacer\" data-id=\"641caef\" data-element_type=\"widget\" data-widget_type=\"spacer.default\">\n\t\t\t\t<div class=\"elementor-widget-container\">\n\t\t\t\t\t\t\t<div class=\"elementor-spacer\">\n\t\t\t<div class=\"elementor-spacer-inner\"><\/div>\n\t\t<\/div>\n\t\t\t\t\t\t<\/div>\n\t\t\t\t<\/div>\n\t\t<div class=\"elementor-element elementor-element-f103cae e-flex e-con-boxed e-con e-child\" data-id=\"f103cae\" data-element_type=\"container\">\n\t\t\t\t\t<div class=\"e-con-inner\">\n\t\t<div class=\"elementor-element elementor-element-df15c0e e-flex e-con-boxed e-con e-child\" data-id=\"df15c0e\" data-element_type=\"container\">\n\t\t\t\t\t<div class=\"e-con-inner\">\n\t\t\t\t<div class=\"elementor-element elementor-element-61d6b1b elementor-widget elementor-widget-heading\" data-id=\"61d6b1b\" data-element_type=\"widget\" data-widget_type=\"heading.default\">\n\t\t\t\t<div class=\"elementor-widget-container\">\n\t\t\t\t\t<p class=\"elementor-heading-title elementor-size-default\">Conceptual Solutions for Every Space \/ Investment Value Assessment for Your Home<\/p>\t\t\t\t<\/div>\n\t\t\t\t<\/div>\n\t\t\t\t<div class=\"elementor-element elementor-element-36b6aac elementor-widget elementor-widget-text-editor\" data-id=\"36b6aac\" data-element_type=\"widget\" data-widget_type=\"text-editor.default\">\n\t\t\t\t<div class=\"elementor-widget-container\">\n\t\t\t\t\t\t\t\t\t<p>Heating Partner is your reliable partner for designing, installing, and maintaining the heat pump systems.<\/p><p>Our mission is to provide conceptual solutions based on renewable energy sources that transform your space into a comfortable and sustainable environment, whether it's residential, commercial, or industrial building. The investment value assessment for installing the heat pumps in each space is personalized and within the budget agreed upon with you.<\/p><p>Through a meticulous design process, we tailor every detail to meet your requirements and the specific characteristics of your space. Our engineers creatively integrate the latest heat pump technology with efficient heating and cooling systems, delivering maximum comfort, <br \/>with minimal energy consumption.<\/p>\t\t\t\t\t\t\t\t<\/div>\n\t\t\t\t<\/div>\n\t\t\t\t<div class=\"elementor-element elementor-element-b4bf845 elementor-widget elementor-widget-image\" data-id=\"b4bf845\" data-element_type=\"widget\" data-widget_type=\"image.default\">\n\t\t\t\t<div class=\"elementor-widget-container\">\n\t\t\t\t\t\t\t\t\t\t\t\t\t\t\t<img fetchpriority=\"high\" decoding=\"async\" width=\"1920\" height=\"737\" src=\"https:\/\/ponuda.heatingpartner.rs\/wp-content\/uploads\/2024\/06\/nova-fotka-heating.jpg\" class=\"attachment-large size-large wp-image-1106\" alt=\"\" srcset=\"https:\/\/ponuda.heatingpartner.rs\/wp-content\/uploads\/2024\/06\/nova-fotka-heating.jpg 1920w, https:\/\/ponuda.heatingpartner.rs\/wp-content\/uploads\/2024\/06\/nova-fotka-heating-768x295.jpg 768w, https:\/\/ponuda.heatingpartner.rs\/wp-content\/uploads\/2024\/06\/nova-fotka-heating-1536x590.jpg 1536w, https:\/\/ponuda.heatingpartner.rs\/wp-content\/uploads\/2024\/06\/nova-fotka-heating-600x230.jpg 600w\" sizes=\"(max-width: 1920px) 100vw, 1920px\" \/>\t\t\t\t\t\t\t\t\t\t\t\t\t\t\t<\/div>\n\t\t\t\t<\/div>\n\t\t\t\t<div class=\"elementor-element elementor-element-678c93b elementor-widget elementor-widget-text-editor\" data-id=\"678c93b\" data-element_type=\"widget\" data-widget_type=\"text-editor.default\">\n\t\t\t\t<div class=\"elementor-widget-container\">\n\t\t\t\t\t\t\t\t\t<p>After installing the system, we also provide regular maintenance services to ensure that your investment in the heat pumps remains efficient, allowing you to enjoy peace of mind.<\/p><p>Many clients have placed their trust in our DESIGN AND BUILD service, which we have successfully and professionally guided through all the phases of implementation of various types of heat pumps. This includes combinations with underfloor and ceiling heating\/cooling systems, fan coil units, VRV\/VRF technology, solar hot water systems, radiator systems, and more.\u00a0<br \/>Contact us for free consultations and discover how we can transform your space into a more comfortable living environment.<\/p>\t\t\t\t\t\t\t\t<\/div>\n\t\t\t\t<\/div>\n\t\t\t\t<div class=\"elementor-element elementor-element-f689338 elementor-align-center elementor-widget elementor-widget-button\" data-id=\"f689338\" data-element_type=\"widget\" data-widget_type=\"button.default\">\n\t\t\t\t<div class=\"elementor-widget-container\">\n\t\t\t\t\t\t\t\t\t<div class=\"elementor-button-wrapper\">\n\t\t\t\t\t<a class=\"elementor-button elementor-button-link elementor-size-sm\" href=\"https:\/\/ponuda.heatingpartner.rs\/en\/kontakt\/\">\n\t\t\t\t\t\t<span class=\"elementor-button-content-wrapper\">\n\t\t\t\t\t\t\t\t\t<span class=\"elementor-button-text\">Schedule a Consultation<\/span>\n\t\t\t\t\t<\/span>\n\t\t\t\t\t<\/a>\n\t\t\t\t<\/div>\n\t\t\t\t\t\t\t\t<\/div>\n\t\t\t\t<\/div>\n\t\t\t\t\t<\/div>\n\t\t\t\t<\/div>\n\t\t\t\t\t<\/div>\n\t\t\t\t<\/div>\n\t\t\t\t<div class=\"elementor-element elementor-element-64cc10a elementor-widget elementor-widget-spacer\" data-id=\"64cc10a\" data-element_type=\"widget\" data-widget_type=\"spacer.default\">\n\t\t\t\t<div class=\"elementor-widget-container\">\n\t\t\t\t\t\t\t<div class=\"elementor-spacer\">\n\t\t\t<div class=\"elementor-spacer-inner\"><\/div>\n\t\t<\/div>\n\t\t\t\t\t\t<\/div>\n\t\t\t\t<\/div>\n\t\t\t\t\t<\/div>\n\t\t\t\t<\/div>\n\t\t<div class=\"elementor-element elementor-element-63ed029 e-flex e-con-boxed e-con e-parent\" data-id=\"63ed029\" data-element_type=\"container\" data-settings=\"{&quot;background_background&quot;:&quot;classic&quot;}\">\n\t\t\t\t\t<div class=\"e-con-inner\">\n\t\t\t\t<div class=\"elementor-element elementor-element-4b48ef8 elementor-widget elementor-widget-spacer\" data-id=\"4b48ef8\" data-element_type=\"widget\" data-widget_type=\"spacer.default\">\n\t\t\t\t<div class=\"elementor-widget-container\">\n\t\t\t\t\t\t\t<div class=\"elementor-spacer\">\n\t\t\t<div class=\"elementor-spacer-inner\"><\/div>\n\t\t<\/div>\n\t\t\t\t\t\t<\/div>\n\t\t\t\t<\/div>\n\t\t<div class=\"elementor-element elementor-element-c901d4c e-flex e-con-boxed e-con e-child\" data-id=\"c901d4c\" data-element_type=\"container\">\n\t\t\t\t\t<div class=\"e-con-inner\">\n\t\t\t\t<div class=\"elementor-element elementor-element-d8a69b3 elementor-widget elementor-widget-heading\" data-id=\"d8a69b3\" data-element_type=\"widget\" data-widget_type=\"heading.default\">\n\t\t\t\t<div class=\"elementor-widget-container\">\n\t\t\t\t\t<p class=\"elementor-heading-title elementor-size-default\">Specific Object - Specific Solution<\/p>\t\t\t\t<\/div>\n\t\t\t\t<\/div>\n\t\t\t\t<div class=\"elementor-element elementor-element-928b7e6 elementor-widget elementor-widget-text-editor\" data-id=\"928b7e6\" data-element_type=\"widget\" data-widget_type=\"text-editor.default\">\n\t\t\t\t<div class=\"elementor-widget-container\">\n\t\t\t\t\t\t\t\t\t<p>With our professional and personalized service in installing systems tailored to your needs, you can rest assured of the reliability and durability of the installations. The Heating Partner team of professionals takes care of every step, from initial analysis to final implementation and maintenance, ensuring flawless operation of the heat pump systems.<\/p>\t\t\t\t\t\t\t\t<\/div>\n\t\t\t\t<\/div>\n\t\t\t\t<div class=\"elementor-element elementor-element-809ff24 elementor-align-center elementor-widget elementor-widget-button\" data-id=\"809ff24\" data-element_type=\"widget\" data-widget_type=\"button.default\">\n\t\t\t\t<div class=\"elementor-widget-container\">\n\t\t\t\t\t\t\t\t\t<div class=\"elementor-button-wrapper\">\n\t\t\t\t\t<a class=\"elementor-button elementor-button-link elementor-size-sm\" href=\"https:\/\/ponuda.heatingpartner.rs\/en\/prodaja\/\">\n\t\t\t\t\t\t<span class=\"elementor-button-content-wrapper\">\n\t\t\t\t\t\t\t\t\t<span class=\"elementor-button-text\">FILL OUT THE QUESTIONNAIRE FOR THE BEST OFFER<\/span>\n\t\t\t\t\t<\/span>\n\t\t\t\t\t<\/a>\n\t\t\t\t<\/div>\n\t\t\t\t\t\t\t\t<\/div>\n\t\t\t\t<\/div>\n\t\t\t\t\t<\/div>\n\t\t\t\t<\/div>\n\t\t\t\t<div class=\"elementor-element elementor-element-17e5980 elementor-widget elementor-widget-spacer\" data-id=\"17e5980\" data-element_type=\"widget\" data-widget_type=\"spacer.default\">\n\t\t\t\t<div class=\"elementor-widget-container\">\n\t\t\t\t\t\t\t<div class=\"elementor-spacer\">\n\t\t\t<div class=\"elementor-spacer-inner\"><\/div>\n\t\t<\/div>\n\t\t\t\t\t\t<\/div>\n\t\t\t\t<\/div>\n\t\t\t\t\t<\/div>\n\t\t\t\t<\/div>\n\t\t<div class=\"elementor-element elementor-element-2b01634 elementor-hidden-desktop elementor-hidden-tablet elementor-hidden-mobile e-flex e-con-boxed e-con e-parent\" data-id=\"2b01634\" data-element_type=\"container\">\n\t\t\t\t\t<div class=\"e-con-inner\">\n\t\t\t\t<div class=\"elementor-element elementor-element-3679233 elementor-widget elementor-widget-spacer\" data-id=\"3679233\" data-element_type=\"widget\" data-widget_type=\"spacer.default\">\n\t\t\t\t<div class=\"elementor-widget-container\">\n\t\t\t\t\t\t\t<div class=\"elementor-spacer\">\n\t\t\t<div class=\"elementor-spacer-inner\"><\/div>\n\t\t<\/div>\n\t\t\t\t\t\t<\/div>\n\t\t\t\t<\/div>\n\t\t<div class=\"elementor-element elementor-element-6ce2754 e-flex e-con-boxed e-con e-child\" data-id=\"6ce2754\" data-element_type=\"container\">\n\t\t\t\t\t<div class=\"e-con-inner\">\n\t\t<div class=\"elementor-element elementor-element-1e09524 e-flex e-con-boxed e-con e-child\" data-id=\"1e09524\" data-element_type=\"container\">\n\t\t\t\t\t<div class=\"e-con-inner\">\n\t\t\t\t<div class=\"elementor-element elementor-element-b64ad36 elementor-widget elementor-widget-heading\" data-id=\"b64ad36\" data-element_type=\"widget\" data-widget_type=\"heading.default\">\n\t\t\t\t<div class=\"elementor-widget-container\">\n\t\t\t\t\t<p class=\"elementor-heading-title elementor-size-default\">Iskustva korisnika<\/p>\t\t\t\t<\/div>\n\t\t\t\t<\/div>\n\t\t\t\t<div class=\"elementor-element elementor-element-263480c elementor-widget elementor-widget-text-editor\" data-id=\"263480c\" data-element_type=\"widget\" data-widget_type=\"text-editor.default\">\n\t\t\t\t<div class=\"elementor-widget-container\">\n\t\t\t\t\t\t\t\t\t<p>Ne verujte nam na re\u010d. Pro\u010ditajte iskustva na\u0161ih korisnika.<\/p>\t\t\t\t\t\t\t\t<\/div>\n\t\t\t\t<\/div>\n\t\t\t\t\t<\/div>\n\t\t\t\t<\/div>\n\t\t<div class=\"elementor-element elementor-element-9571838 e-flex e-con-boxed e-con e-child\" data-id=\"9571838\" data-element_type=\"container\">\n\t\t\t\t\t<div class=\"e-con-inner\">\n\t\t\t\t<div class=\"elementor-element elementor-element-81d35e7 elementor-widget elementor-widget-image\" data-id=\"81d35e7\" data-element_type=\"widget\" data-widget_type=\"image.default\">\n\t\t\t\t<div class=\"elementor-widget-container\">\n\t\t\t\t\t\t\t\t\t\t\t\t\t\t\t<img decoding=\"async\" width=\"1280\" height=\"526\" src=\"https:\/\/ponuda.heatingpartner.rs\/wp-content\/uploads\/2024\/05\/google-recenzije.jpg\" class=\"attachment-large size-large wp-image-279\" alt=\"\" srcset=\"https:\/\/ponuda.heatingpartner.rs\/wp-content\/uploads\/2024\/05\/google-recenzije.jpg 1280w, https:\/\/ponuda.heatingpartner.rs\/wp-content\/uploads\/2024\/05\/google-recenzije-768x316.jpg 768w\" sizes=\"(max-width: 1280px) 100vw, 1280px\" \/>\t\t\t\t\t\t\t\t\t\t\t\t\t\t\t<\/div>\n\t\t\t\t<\/div>\n\t\t\t\t\t<\/div>\n\t\t\t\t<\/div>\n\t\t\t\t\t<\/div>\n\t\t\t\t<\/div>\n\t\t\t\t<div class=\"elementor-element elementor-element-79029b1 elementor-widget elementor-widget-spacer\" data-id=\"79029b1\" data-element_type=\"widget\" data-widget_type=\"spacer.default\">\n\t\t\t\t<div class=\"elementor-widget-container\">\n\t\t\t\t\t\t\t<div class=\"elementor-spacer\">\n\t\t\t<div class=\"elementor-spacer-inner\"><\/div>\n\t\t<\/div>\n\t\t\t\t\t\t<\/div>\n\t\t\t\t<\/div>\n\t\t\t\t\t<\/div>\n\t\t\t\t<\/div>\n\t\t<div class=\"elementor-element elementor-element-3b6d66e e-flex e-con-boxed e-con e-parent\" data-id=\"3b6d66e\" data-element_type=\"container\">\n\t\t\t\t\t<div class=\"e-con-inner\">\n\t\t\t\t<div class=\"elementor-element elementor-element-daf94f0 elementor-widget elementor-widget-spacer\" data-id=\"daf94f0\" data-element_type=\"widget\" data-widget_type=\"spacer.default\">\n\t\t\t\t<div class=\"elementor-widget-container\">\n\t\t\t\t\t\t\t<div class=\"elementor-spacer\">\n\t\t\t<div class=\"elementor-spacer-inner\"><\/div>\n\t\t<\/div>\n\t\t\t\t\t\t<\/div>\n\t\t\t\t<\/div>\n\t\t\t\t\t<\/div>\n\t\t\t\t<\/div>\n\t\t\t\t<\/div>","protected":false},"excerpt":{"rendered":"<p>Usluge Idejna re\u0161enja | Projektovanje | In\u017eenjering Idejna re\u0161enja za svaki prostor \/ Procena investicione vrednosti za va\u0161 dom Heating Partner je Va\u0161 pouzdani partner za projektovanje, ugradnju i odr\u017eavanje sistema toplotnih pumpi. Na\u0161a misija je da pru\u017eimo idejna re\u0161enja zasnovana na obnovljivim izvorima energije koja transformi\u0161u Va\u0161 prostor u udobno i odr\u017eivo okru\u017eenje, bez [&hellip;]<\/p>","protected":false},"author":1,"featured_media":0,"parent":0,"menu_order":0,"comment_status":"closed","ping_status":"closed","template":"elementor_header_footer","meta":{"_acf_changed":false,"footnotes":""},"class_list":["post-273","page","type-page","status-publish","hentry"],"acf":[],"_links":{"self":[{"href":"https:\/\/ponuda.heatingpartner.rs\/en\/wp-json\/wp\/v2\/pages\/273","targetHints":{"allow":["GET"]}}],"collection":[{"href":"https:\/\/ponuda.heatingpartner.rs\/en\/wp-json\/wp\/v2\/pages"}],"about":[{"href":"https:\/\/ponuda.heatingpartner.rs\/en\/wp-json\/wp\/v2\/types\/page"}],"author":[{"embeddable":true,"href":"https:\/\/ponuda.heatingpartner.rs\/en\/wp-json\/wp\/v2\/users\/1"}],"replies":[{"embeddable":true,"href":"https:\/\/ponuda.heatingpartner.rs\/en\/wp-json\/wp\/v2\/comments?post=273"}],"version-history":[{"count":24,"href":"https:\/\/ponuda.heatingpartner.rs\/en\/wp-json\/wp\/v2\/pages\/273\/revisions"}],"predecessor-version":[{"id":1589,"href":"https:\/\/ponuda.heatingpartner.rs\/en\/wp-json\/wp\/v2\/pages\/273\/revisions\/1589"}],"wp:attachment":[{"href":"https:\/\/ponuda.heatingpartner.rs\/en\/wp-json\/wp\/v2\/media?parent=273"}],"curies":[{"name":"wp","href":"https:\/\/api.w.org\/{rel}","templated":true}]}}